{"id":132,"date":"2020-09-01T20:53:01","date_gmt":"2020-09-01T23:53:01","guid":{"rendered":"http:\/\/bau.abmes.org.br\/?page_id=132"},"modified":"2020-09-16T11:25:07","modified_gmt":"2020-09-16T14:25:07","slug":"acontecimentos","status":"publish","type":"page","link":"https:\/\/bau.abmes.org.br\/?page_id=132","title":{"rendered":"Acontecimentos"},"content":{"rendered":"\n<div class=\"wp-block-cooltimeline-timeline-block\"><div class=\"ctl-instant-timeline block-1599003848674  both-sided\" style=\"--timeLineColor:#D91B3E;--textColor:#000;--titleSize:18px;--descriptionSize:14px;--timeSize:18px\"><div class=\"timeline-content\"><div class=\"ctl-row\"><div class=\"ctl-col-6\"><div class=\"story-time\"><div style=\"color:#000;font-size:18px\"><strong>1990<\/strong><\/div><\/div><\/div><div class=\"ctl-col-6\"><div class=\"story-details\"><div class=\"story-image\"><\/div><h3 style=\"color:#000;font-size:18px;line-height:24.12px\">Iniciou na ABMES como Auxiliar de Secretaria<\/h3><p style=\"color:#000;font-size:14px;line-height:24.22px\">Come\u00e7ou a trabalhar na ABMES como Auxiliar de Secretaria, em 17 de setembro de 1990, quando tinha apenas 19 anos, no final da gest\u00e3o do prof. Candido Mendes, que presidiu a Associa\u00e7\u00e3o at\u00e9 1992.<\/p><\/div><\/div><\/div><\/div><div class=\"timeline-content\"><div class=\"ctl-row\"><div class=\"ctl-col-6\"><div class=\"story-details\"><div class=\"story-image\"><\/div><h3 style=\"color:#000;font-size:18px;line-height:24.12px\">Promovida a Secret\u00e1ria Executiva<\/h3><p style=\"color:#000;font-size:14px;line-height:24.22px\">Em janeiro de 1992, foi admitida como Secret\u00e1ria Executiva, fun\u00e7\u00e3o que exerceu at\u00e9 2013.<\/p><\/div><\/div><div class=\"ctl-col-6\"><div class=\"story-time\"><div style=\"color:#000;font-size:18px\"><strong>1992<\/strong><\/div><\/div><\/div><\/div><\/div><div class=\"timeline-content\"><div class=\"ctl-row\"><div class=\"ctl-col-6\"><div class=\"story-time\"><div style=\"color:#000;font-size:18px\"><strong>1993<\/strong><\/div><\/div><\/div><div class=\"ctl-col-6\"><div class=\"story-details\"><div class=\"story-image\"><\/div><h3 style=\"color:#000;font-size:18px;line-height:24.12px\">Casou-se com Ricardo Concei\u00e7\u00e3o<\/h3><p style=\"color:#000;font-size:14px;line-height:24.22px\">Conheceu o amor da sua vida entre os seus colegas na ABMES e se casou em 10 julho de 1993.<\/p><\/div><\/div><\/div><\/div><div class=\"timeline-content\"><div class=\"ctl-row\"><div class=\"ctl-col-6\"><div class=\"story-details\"><div class=\"story-image\"><\/div><h3 style=\"color:#000;font-size:18px;line-height:24.12px\">Tornou-se m\u00e3e<\/h3><p style=\"color:#000;font-size:14px;line-height:24.22px\">Fruto do seu casamento, em 1996 nasce Bruna, filha amada que hoje proporciona muitas alegrias ao casal.<\/p><\/div><\/div><div class=\"ctl-col-6\"><div class=\"story-time\"><div style=\"color:#000;font-size:18px\"><strong>1996<\/strong><\/div><\/div><\/div><\/div><\/div><div class=\"timeline-content\"><div class=\"ctl-row\"><div class=\"ctl-col-6\"><div class=\"story-time\"><div style=\"color:#000;font-size:18px\"><strong>2007<\/strong><\/div><\/div><\/div><div class=\"ctl-col-6\"><div class=\"story-details\"><div class=\"story-image\"><\/div><h3 style=\"color:#000;font-size:18px;line-height:24.12px\">Concluiu a Faculdade<\/h3><p style=\"color:#000;font-size:14px;line-height:24.22px\">Formada em Administra\u00e7\u00e3o de Empresas.<\/p><\/div><\/div><\/div><\/div><div class=\"timeline-content\"><div class=\"ctl-row\"><div class=\"ctl-col-6\"><div class=\"story-details\"><div class=\"story-image\"><\/div><h3 style=\"color:#000;font-size:18px;line-height:24.12px\">Promovida a Assessora Administrativa<\/h3><p style=\"color:#000;font-size:14px;line-height:24.22px\">Foi promovida em 2013 a Assessora Administrativa.<\/p><\/div><\/div><div class=\"ctl-col-6\"><div class=\"story-time\"><div style=\"color:#000;font-size:18px\"><strong>2013<\/strong><\/div><\/div><\/div><\/div><\/div><div class=\"timeline-content\"><div class=\"ctl-row\"><div class=\"ctl-col-6\"><div class=\"story-time\"><div style=\"color:#000;font-size:18px\"><strong>2019<\/strong><\/div><\/div><\/div><div class=\"ctl-col-6\"><div class=\"story-details\"><div class=\"story-image\"><\/div><h3 style=\"color:#000;font-size:18px;line-height:24.12px\">Promovida a Assessora Administrativa e Financeira<\/h3><p style=\"color:#000;font-size:14px;line-height:24.22px\">Em 2019 Arlete foi promovida\u00a0 a Assessora Administrativa e Financeira.<\/p><\/div><\/div><\/div><\/div><div class=\"timeline-content\"><div class=\"ctl-row\"><div class=\"ctl-col-6\"><div class=\"story-details\"><div class=\"story-image\"><\/div><h3 style=\"color:#000;font-size:18px;line-height:24.12px\">Colhendo os frutos<\/h3><p style=\"color:#000;font-size:14px;line-height:24.22px\">Bruna cursa medicina h\u00e1 5 anos e \u00e9 o maior orgulho da fam\u00edlia. Essa conquista foi fruto de muita batalha de Arlete, que nos \u00faltimos anos vem unindo esfor\u00e7os para os estudos da filha.<\/p><\/div><\/div><div class=\"ctl-col-6\"><div class=\"story-time\"><div style=\"color:#000;font-size:18px\"><strong>2020<\/strong><\/div><\/div><\/div><\/div><\/div><\/div><\/div>\n","protected":false},"excerpt":{"rendered":"","protected":false},"author":3,"featured_media":128,"parent":119,"menu_order":0,"comment_status":"closed","ping_status":"closed","template":"","meta":{"spay_email":""},"jetpack_sharing_enabled":true,"jetpack_likes_enabled":true,"_links":{"self":[{"href":"https:\/\/bau.abmes.org.br\/index.php?rest_route=\/wp\/v2\/pages\/132"}],"collection":[{"href":"https:\/\/bau.abmes.org.br\/index.php?rest_route=\/wp\/v2\/pages"}],"about":[{"href":"https:\/\/bau.abmes.org.br\/index.php?rest_route=\/wp\/v2\/types\/page"}],"author":[{"embeddable":true,"href":"https:\/\/bau.abmes.org.br\/index.php?rest_route=\/wp\/v2\/users\/3"}],"replies":[{"embeddable":true,"href":"https:\/\/bau.abmes.org.br\/index.php?rest_route=%2Fwp%2Fv2%2Fcomments&post=132"}],"version-history":[{"count":3,"href":"https:\/\/bau.abmes.org.br\/index.php?rest_route=\/wp\/v2\/pages\/132\/revisions"}],"predecessor-version":[{"id":311,"href":"https:\/\/bau.abmes.org.br\/index.php?rest_route=\/wp\/v2\/pages\/132\/revisions\/311"}],"up":[{"embeddable":true,"href":"https:\/\/bau.abmes.org.br\/index.php?rest_route=\/wp\/v2\/pages\/119"}],"wp:featuredmedia":[{"embeddable":true,"href":"https:\/\/bau.abmes.org.br\/index.php?rest_route=\/wp\/v2\/media\/128"}],"wp:attachment":[{"href":"https:\/\/bau.abmes.org.br\/index.php?rest_route=%2Fwp%2Fv2%2Fmedia&parent=132"}],"curies":[{"name":"wp","href":"https:\/\/api.w.org\/{rel}","templated":true}]}}